{"id":4,"date":"2015-01-19T15:16:37","date_gmt":"2015-01-19T15:16:37","guid":{"rendered":"http:\/\/theme-fusion.com\/avada_demos\/hotel\/?page_id=4"},"modified":"2025-09-04T20:33:27","modified_gmt":"2025-09-04T19:33:27","slug":"home","status":"publish","type":"page","link":"https:\/\/www.labellemontoise.com\/","title":{"rendered":""},"content":{"rendered":"\n<figure class=\"wp-block-image size-large\"><img loading=\"lazy\" decoding=\"async\" width=\"1024\" height=\"672\" src=\"https:\/\/www.labellemontoise.com\/wp-content\/uploads\/2015\/01\/Agneau-1024x672.jpg\" alt=\"\" class=\"wp-image-2957\" srcset=\"https:\/\/www.labellemontoise.com\/wp-content\/uploads\/2015\/01\/Agneau-1024x672.jpg 1024w, https:\/\/www.labellemontoise.com\/wp-content\/uploads\/2015\/01\/Agneau-300x197.jpg 300w, https:\/\/www.labellemontoise.com\/wp-content\/uploads\/2015\/01\/Agneau-768x504.jpg 768w, https:\/\/www.labellemontoise.com\/wp-content\/uploads\/2015\/01\/Agneau.jpg 1333w\" sizes=\"auto, (max-width: 1024px) 100vw, 1024px\" \/><\/figure>\n\n\n\n<p class=\"has-large-font-size\">Restaurant Gourmand<\/p>\n\n\n\n<hr class=\"wp-block-separator has-text-color has-alpha-channel-opacity has-background is-style-wide\" style=\"background-color:#dd9833;color:#dd9833\"\/>\n\n\n\n<p>Qu\u2019il s\u2019agisse d\u2019une escapade lors d\u2019un weekend reposant ou m\u00eame d\u2019un s\u00e9jour plus long ax\u00e9 sur la d\u00e9tente, nul doute que <strong>La Belle Montoise<\/strong>, Restaurant Gourmand pr\u00e8s de <strong>Montauban<\/strong> saura satisfaire vos envies d\u2019\u00e9vasion. <br>Profitez d\u2019un moment de relaxation en harmonie avec la nature dans notre \u00e9tablissement situ\u00e9 au c\u0153ur de la bastide de <strong>Beaumont de Lomagne<\/strong>.<\/p>\n\n\n\n<p>Chez moi, <strong>l\u2019accueil compte autant que l\u2019assiette<\/strong>. Je vous re\u00e7ois dans un cadre<br>repens\u00e9, chaleureux et lumineux, propice \u00e0 la d\u00e9tente et au partage.<\/p>\n\n\n\n<p>Ici, pas de pr\u00e9cipitation, pas de superflu : juste des produits sublim\u00e9s <strong>des produits sublim\u00e9s<\/strong>, un service attentif, et l\u2019envie de vous faire passer un moment aussi simple qu\u2019exceptionnel.<\/p>\n\n\n\n<figure class=\"wp-block-image size-large\"><img loading=\"lazy\" decoding=\"async\" width=\"1024\" height=\"768\" src=\"https:\/\/www.labellemontoise.com\/wp-content\/uploads\/2015\/01\/20210612_224844-1024x768.jpg\" alt=\"\" class=\"wp-image-2827\" srcset=\"https:\/\/www.labellemontoise.com\/wp-content\/uploads\/2015\/01\/20210612_224844-1024x768.jpg 1024w, https:\/\/www.labellemontoise.com\/wp-content\/uploads\/2015\/01\/20210612_224844-300x225.jpg 300w, https:\/\/www.labellemontoise.com\/wp-content\/uploads\/2015\/01\/20210612_224844-768x576.jpg 768w\" sizes=\"auto, (max-width: 1024px) 100vw, 1024px\" \/><\/figure>\n\n\n\n<hr class=\"wp-block-separator has-text-color has-alpha-channel-opacity has-background is-style-wide\" style=\"background-color:#dd9833;color:#dd9833\"\/>\n\n\n\n<figure class=\"wp-block-image size-large\"><img loading=\"lazy\" decoding=\"async\" width=\"672\" height=\"1024\" src=\"https:\/\/www.labellemontoise.com\/wp-content\/uploads\/2015\/01\/Buffet-sal\u00e9-672x1024.jpg\" alt=\"\" class=\"wp-image-2958\" srcset=\"https:\/\/www.labellemontoise.com\/wp-content\/uploads\/2015\/01\/Buffet-sal\u00e9-672x1024.jpg 672w, https:\/\/www.labellemontoise.com\/wp-content\/uploads\/2015\/01\/Buffet-sal\u00e9-197x300.jpg 197w, https:\/\/www.labellemontoise.com\/wp-content\/uploads\/2015\/01\/Buffet-sal\u00e9-768x1170.jpg 768w, https:\/\/www.labellemontoise.com\/wp-content\/uploads\/2015\/01\/Buffet-sal\u00e9.jpg 875w\" sizes=\"auto, (max-width: 672px) 100vw, 672px\" \/><\/figure>\n\n\n\n<figure class=\"wp-block-image size-large\"><img loading=\"lazy\" decoding=\"async\" width=\"672\" height=\"1024\" src=\"https:\/\/www.labellemontoise.com\/wp-content\/uploads\/2015\/01\/Buffet-de-dessert-672x1024.jpg\" alt=\"\" class=\"wp-image-2959\" srcset=\"https:\/\/www.labellemontoise.com\/wp-content\/uploads\/2015\/01\/Buffet-de-dessert-672x1024.jpg 672w, https:\/\/www.labellemontoise.com\/wp-content\/uploads\/2015\/01\/Buffet-de-dessert-197x300.jpg 197w, https:\/\/www.labellemontoise.com\/wp-content\/uploads\/2015\/01\/Buffet-de-dessert-768x1170.jpg 768w, https:\/\/www.labellemontoise.com\/wp-content\/uploads\/2015\/01\/Buffet-de-dessert.jpg 875w\" sizes=\"auto, (max-width: 672px) 100vw, 672px\" \/><\/figure>\n\n\n\n<figure class=\"wp-block-image size-large\"><img loading=\"lazy\" decoding=\"async\" width=\"672\" height=\"1024\" src=\"https:\/\/www.labellemontoise.com\/wp-content\/uploads\/2015\/01\/Patisson-3-672x1024.jpg\" alt=\"\" class=\"wp-image-2960\" srcset=\"https:\/\/www.labellemontoise.com\/wp-content\/uploads\/2015\/01\/Patisson-3-672x1024.jpg 672w, https:\/\/www.labellemontoise.com\/wp-content\/uploads\/2015\/01\/Patisson-3-197x300.jpg 197w, https:\/\/www.labellemontoise.com\/wp-content\/uploads\/2015\/01\/Patisson-3-768x1170.jpg 768w, https:\/\/www.labellemontoise.com\/wp-content\/uploads\/2015\/01\/Patisson-3.jpg 875w\" sizes=\"auto, (max-width: 672px) 100vw, 672px\" \/><\/figure>\n\n\n\n<figure class=\"wp-block-image size-large\"><img loading=\"lazy\" decoding=\"async\" width=\"672\" height=\"1024\" src=\"https:\/\/www.labellemontoise.com\/wp-content\/uploads\/2015\/01\/Fraises-2-672x1024.jpg\" alt=\"\" class=\"wp-image-2961\" srcset=\"https:\/\/www.labellemontoise.com\/wp-content\/uploads\/2015\/01\/Fraises-2-672x1024.jpg 672w, https:\/\/www.labellemontoise.com\/wp-content\/uploads\/2015\/01\/Fraises-2-197x300.jpg 197w, https:\/\/www.labellemontoise.com\/wp-content\/uploads\/2015\/01\/Fraises-2-768x1170.jpg 768w, https:\/\/www.labellemontoise.com\/wp-content\/uploads\/2015\/01\/Fraises-2.jpg 875w\" sizes=\"auto, (max-width: 672px) 100vw, 672px\" \/><\/figure>\n","protected":false},"excerpt":{"rendered":"<p>Restaurant Gourmand Qu\u2019il s\u2019agisse d\u2019une escapade lors d\u2019un weekend reposant ou m\u00eame d\u2019un s\u00e9jour plus long ax\u00e9 sur la d\u00e9tente, nul doute que La Belle Montoise, Restaurant Gourmand pr\u00e8s de Montauban saura satisfaire vos envies d\u2019\u00e9vasion. Profitez d\u2019un moment de relaxation en harmonie avec la nature dans notre \u00e9tablissement situ\u00e9 au c\u0153ur de la bastide [&hellip;]<\/p>\n","protected":false},"author":1,"featured_media":0,"parent":0,"menu_order":0,"comment_status":"closed","ping_status":"open","template":"100-width.php","meta":{"footnotes":""},"class_list":["post-4","page","type-page","status-publish","hentry"],"_links":{"self":[{"href":"https:\/\/www.labellemontoise.com\/index.php\/wp-json\/wp\/v2\/pages\/4","targetHints":{"allow":["GET"]}}],"collection":[{"href":"https:\/\/www.labellemontoise.com\/index.php\/wp-json\/wp\/v2\/pages"}],"about":[{"href":"https:\/\/www.labellemontoise.com\/index.php\/wp-json\/wp\/v2\/types\/page"}],"author":[{"embeddable":true,"href":"https:\/\/www.labellemontoise.com\/index.php\/wp-json\/wp\/v2\/users\/1"}],"replies":[{"embeddable":true,"href":"https:\/\/www.labellemontoise.com\/index.php\/wp-json\/wp\/v2\/comments?post=4"}],"version-history":[{"count":36,"href":"https:\/\/www.labellemontoise.com\/index.php\/wp-json\/wp\/v2\/pages\/4\/revisions"}],"predecessor-version":[{"id":2998,"href":"https:\/\/www.labellemontoise.com\/index.php\/wp-json\/wp\/v2\/pages\/4\/revisions\/2998"}],"wp:attachment":[{"href":"https:\/\/www.labellemontoise.com\/index.php\/wp-json\/wp\/v2\/media?parent=4"}],"curies":[{"name":"wp","href":"https:\/\/api.w.org\/{rel}","templated":true}]}}