{"id":2298,"date":"2017-04-11T07:39:44","date_gmt":"2017-04-11T06:39:44","guid":{"rendered":"http:\/\/www.labellemontoise.com\/?page_id=2298"},"modified":"2025-09-04T21:31:44","modified_gmt":"2025-09-04T20:31:44","slug":"le-restaurant-gourmand","status":"publish","type":"page","link":"https:\/\/www.labellemontoise.com\/index.php\/le-restaurant-gourmand\/","title":{"rendered":"BUFFET &#038; SAVEURS"},"content":{"rendered":"\n<div class=\"wp-block-group is-nowrap is-layout-flex wp-container-core-group-is-layout-ad2f72ca wp-block-group-is-layout-flex\">\n<figure class=\"wp-block-image size-large\"><img loading=\"lazy\" decoding=\"async\" width=\"1024\" height=\"1024\" src=\"https:\/\/www.labellemontoise.com\/wp-content\/uploads\/2017\/04\/IMG_20190422_120216-2-1024x1024.jpg\" alt=\"\" class=\"wp-image-2444\" srcset=\"https:\/\/www.labellemontoise.com\/wp-content\/uploads\/2017\/04\/IMG_20190422_120216-2-1024x1024.jpg 1024w, https:\/\/www.labellemontoise.com\/wp-content\/uploads\/2017\/04\/IMG_20190422_120216-2-150x150.jpg 150w, https:\/\/www.labellemontoise.com\/wp-content\/uploads\/2017\/04\/IMG_20190422_120216-2-300x300.jpg 300w, https:\/\/www.labellemontoise.com\/wp-content\/uploads\/2017\/04\/IMG_20190422_120216-2-768x768.jpg 768w, https:\/\/www.labellemontoise.com\/wp-content\/uploads\/2017\/04\/IMG_20190422_120216-2-66x66.jpg 66w\" sizes=\"auto, (max-width: 1024px) 100vw, 1024px\" \/><\/figure>\n\n\n\n<figure class=\"wp-block-image size-large\"><img loading=\"lazy\" decoding=\"async\" width=\"1024\" height=\"1024\" src=\"https:\/\/www.labellemontoise.com\/wp-content\/uploads\/2017\/04\/IMG_0859-1024x1024.jpg\" alt=\"\" class=\"wp-image-2435\" srcset=\"https:\/\/www.labellemontoise.com\/wp-content\/uploads\/2017\/04\/IMG_0859-1024x1024.jpg 1024w, https:\/\/www.labellemontoise.com\/wp-content\/uploads\/2017\/04\/IMG_0859-150x150.jpg 150w, https:\/\/www.labellemontoise.com\/wp-content\/uploads\/2017\/04\/IMG_0859-300x300.jpg 300w, https:\/\/www.labellemontoise.com\/wp-content\/uploads\/2017\/04\/IMG_0859-768x768.jpg 768w, https:\/\/www.labellemontoise.com\/wp-content\/uploads\/2017\/04\/IMG_0859-66x66.jpg 66w\" sizes=\"auto, (max-width: 1024px) 100vw, 1024px\" \/><\/figure>\n<\/div>\n\n\n\n<h2 class=\"wp-block-heading has-text-align-center\">Buffet &amp; Saveurs de Beaumont de<br>Lomagne. A partir du 1er Septembre !<\/h2>\n\n\n\n<hr class=\"wp-block-separator has-alpha-channel-opacity\"\/>\n\n\n\n<p>Christophe Broutin, Chef propri\u00e9taire, a commenc\u00e9 sa carri\u00e8re dans le prestigieux H\u00f4tel, Hilton Paris face \u00e0 la Tour Ei!el, puis de<br>Bruxelles \u00e0 Londres en passant par Marrakech, il a men\u00e9 une carri\u00e8re<br>internationale dans des \u00e9tablissements tel que Hilton, M\u00e9ridien, Sofitel, Radisson. Il a pos\u00e9 ses valises \u00e0 Beaumont de Lomagne et \u00e0 ouvert sa salle de restaurant. Son maitre mot, le respect des produits, des saisons et du go\u00fbt, au contact direct des clients il se fait plaisir en d\u00e9veloppant des plats originaux qui seront vous surprendre. Son but, partager un moment de plaisir avec tous ces clients.<\/p>\n\n\n\n<p class=\"has-large-font-size\"><strong>Le buffet selon nous<\/strong><\/p>\n\n\n\n<p>Ici, le buffet n\u2019est pas une concession. C\u2019est une c\u00e9l\u00e9bration de la diversit\u00e9, de la saisonnalit\u00e9 et des terroirs<\/p>\n\n\n\n<p>Chaque plat, chaque pr\u00e9paration est pens\u00e9e comme une assiette \u00e0 part enti\u00e8re : <strong>fra\u00eeche, savoureuse, cr\u00e9ative.<\/strong><\/p>\n\n\n\n<p>Des entr\u00e9es v\u00e9g\u00e9tales aux viandes r\u00f4ties lentement, des poissons de nos rivi\u00e8res aux douceurs maison, tout est pr\u00e9par\u00e9 sur place, <strong>\u00e0 partir de produits locaux soigneusement<\/strong> <strong>s\u00e9lectionn\u00e9s<\/strong>, aupr\u00e8s de producteurs que nous connaissons et respectons.<\/p>\n\n\n\n<hr class=\"wp-block-separator has-alpha-channel-opacity\"\/>\n\n\n\n<p class=\"has-large-font-size\"><strong>La Table D\u00e9couverte<\/strong><\/p>\n\n\n\n<p>Christophe Broutin, chef and propri\u00e9taire of La Belle Montoise, began his career at the prestigious Paris Hilton Hotel, opposite the<br>Ei!el Tower, then worked in Brussels and London via Marrakech. In his international career he has worked in establishments such<br>as M\u00e9riden, Sofitel and Radisson. He has recently settled in Beaumont de Lomagne and opened his own restaurant here. His maitre mot? A great respect for local and seasonal quality produce and a genuine pleasure in personal contact with his guests. His mark is a cuisine of quality, originality and surprise.<\/p>\n\n\n\n<p>At the table d\u00e9couverte de la Belle Montoise you will find :<\/p>\n\n\n\n<p>A Buffet which varies every week according to the market availability and to Christophe\u2019s latest inspiration!<\/p>\n\n\n\n<p>A real respect for quality and seasonal products.<\/p>\n\n\n\n<p>An original cuisine which is creative and generous.<\/p>\n\n\n\n<p>An attentive service designed to respond quickly to the wishes of our clients.<\/p>\n\n\n\n<figure class=\"wp-block-image size-large\"><img loading=\"lazy\" decoding=\"async\" width=\"672\" height=\"1024\" src=\"https:\/\/www.labellemontoise.com\/wp-content\/uploads\/2017\/04\/Mousse-dabricots-672x1024.jpg\" alt=\"\" class=\"wp-image-2980\" srcset=\"https:\/\/www.labellemontoise.com\/wp-content\/uploads\/2017\/04\/Mousse-dabricots-672x1024.jpg 672w, https:\/\/www.labellemontoise.com\/wp-content\/uploads\/2017\/04\/Mousse-dabricots-197x300.jpg 197w, https:\/\/www.labellemontoise.com\/wp-content\/uploads\/2017\/04\/Mousse-dabricots-768x1170.jpg 768w, https:\/\/www.labellemontoise.com\/wp-content\/uploads\/2017\/04\/Mousse-dabricots.jpg 875w\" sizes=\"auto, (max-width: 672px) 100vw, 672px\" \/><\/figure>\n\n\n\n<figure class=\"wp-block-image size-large\"><img loading=\"lazy\" decoding=\"async\" width=\"672\" height=\"1024\" src=\"https:\/\/www.labellemontoise.com\/wp-content\/uploads\/2017\/04\/Morilles-4-672x1024.jpg\" alt=\"\" class=\"wp-image-2981\" srcset=\"https:\/\/www.labellemontoise.com\/wp-content\/uploads\/2017\/04\/Morilles-4-672x1024.jpg 672w, https:\/\/www.labellemontoise.com\/wp-content\/uploads\/2017\/04\/Morilles-4-197x300.jpg 197w, https:\/\/www.labellemontoise.com\/wp-content\/uploads\/2017\/04\/Morilles-4-768x1170.jpg 768w, https:\/\/www.labellemontoise.com\/wp-content\/uploads\/2017\/04\/Morilles-4.jpg 875w\" sizes=\"auto, (max-width: 672px) 100vw, 672px\" \/><\/figure>\n\n\n\n<figure class=\"wp-block-image size-large\"><img loading=\"lazy\" decoding=\"async\" width=\"672\" height=\"1024\" src=\"https:\/\/www.labellemontoise.com\/wp-content\/uploads\/2017\/04\/Fraises-3-672x1024.jpg\" alt=\"\" class=\"wp-image-2982\" srcset=\"https:\/\/www.labellemontoise.com\/wp-content\/uploads\/2017\/04\/Fraises-3-672x1024.jpg 672w, https:\/\/www.labellemontoise.com\/wp-content\/uploads\/2017\/04\/Fraises-3-197x300.jpg 197w, https:\/\/www.labellemontoise.com\/wp-content\/uploads\/2017\/04\/Fraises-3-768x1170.jpg 768w, https:\/\/www.labellemontoise.com\/wp-content\/uploads\/2017\/04\/Fraises-3.jpg 875w\" sizes=\"auto, (max-width: 672px) 100vw, 672px\" \/><\/figure>\n","protected":false},"excerpt":{"rendered":"<p>Buffet &amp; Saveurs de Beaumont deLomagne. A partir du 1er Septembre ! Christophe Broutin, Chef propri\u00e9taire, a commenc\u00e9 sa carri\u00e8re dans le prestigieux H\u00f4tel, Hilton Paris face \u00e0 la Tour Ei!el, puis deBruxelles \u00e0 Londres en passant par Marrakech, il a men\u00e9 une carri\u00e8reinternationale dans des \u00e9tablissements tel que Hilton, M\u00e9ridien, Sofitel, Radisson. Il a [&hellip;]<\/p>\n","protected":false},"author":1,"featured_media":0,"parent":0,"menu_order":2,"comment_status":"closed","ping_status":"closed","template":"","meta":{"footnotes":""},"class_list":["post-2298","page","type-page","status-publish","hentry"],"_links":{"self":[{"href":"https:\/\/www.labellemontoise.com\/index.php\/wp-json\/wp\/v2\/pages\/2298","targetHints":{"allow":["GET"]}}],"collection":[{"href":"https:\/\/www.labellemontoise.com\/index.php\/wp-json\/wp\/v2\/pages"}],"about":[{"href":"https:\/\/www.labellemontoise.com\/index.php\/wp-json\/wp\/v2\/types\/page"}],"author":[{"embeddable":true,"href":"https:\/\/www.labellemontoise.com\/index.php\/wp-json\/wp\/v2\/users\/1"}],"replies":[{"embeddable":true,"href":"https:\/\/www.labellemontoise.com\/index.php\/wp-json\/wp\/v2\/comments?post=2298"}],"version-history":[{"count":56,"href":"https:\/\/www.labellemontoise.com\/index.php\/wp-json\/wp\/v2\/pages\/2298\/revisions"}],"predecessor-version":[{"id":3044,"href":"https:\/\/www.labellemontoise.com\/index.php\/wp-json\/wp\/v2\/pages\/2298\/revisions\/3044"}],"wp:attachment":[{"href":"https:\/\/www.labellemontoise.com\/index.php\/wp-json\/wp\/v2\/media?parent=2298"}],"curies":[{"name":"wp","href":"https:\/\/api.w.org\/{rel}","templated":true}]}}