{"id":1873,"date":"2016-05-18T06:55:23","date_gmt":"2016-05-18T05:55:23","guid":{"rendered":"http:\/\/www.labellemontoise.com\/?page_id=1873"},"modified":"2025-09-04T21:22:19","modified_gmt":"2025-09-04T20:22:19","slug":"le-chef","status":"publish","type":"page","link":"https:\/\/www.labellemontoise.com\/index.php\/le-chef\/","title":{"rendered":"LE CHEF"},"content":{"rendered":"\n<figure class=\"wp-block-image size-large\"><img loading=\"lazy\" decoding=\"async\" width=\"683\" height=\"1024\" src=\"https:\/\/www.labellemontoise.com\/wp-content\/uploads\/2016\/05\/MG_9789-683x1024.jpg\" alt=\"\" class=\"wp-image-2847\" srcset=\"https:\/\/www.labellemontoise.com\/wp-content\/uploads\/2016\/05\/MG_9789-683x1024.jpg 683w, https:\/\/www.labellemontoise.com\/wp-content\/uploads\/2016\/05\/MG_9789-200x300.jpg 200w, https:\/\/www.labellemontoise.com\/wp-content\/uploads\/2016\/05\/MG_9789-768x1152.jpg 768w\" sizes=\"auto, (max-width: 683px) 100vw, 683px\" \/><\/figure>\n\n\n\n<p class=\"has-text-align-center has-large-font-size\">Une exp\u00e9rience cultiv\u00e9e par le go\u00fbt de<br>l\u2019excellence<\/p>\n\n\n\n<hr class=\"wp-block-separator has-alpha-channel-opacity\"\/>\n\n\n\n<p><strong>Christophe Broutin<\/strong>, heureux concepteur et propri\u00e9taire, a eu une exp\u00e9rience de chef de cuisine dans de nombreux h\u00f4tels prestigieux<br>internationaux, pendant pr\u00e8s de 30 ann\u00e9es, il a commenc\u00e9 son apprentissage dans la fameuse \u00e9cole de Ferrandi \u00e0 Paris, on peut<br>noter parmi ces \u00e9tablissements Hilton, Pullman, M\u00e9ridien, Sofitel, M\u00e9tropole Bruxelles, et l\u2019a conduit \u00e0 travailler sur 3 continents.<\/p>\n\n\n\n<figure class=\"wp-block-image size-large\"><img loading=\"lazy\" decoding=\"async\" width=\"683\" height=\"1024\" src=\"https:\/\/www.labellemontoise.com\/wp-content\/uploads\/2016\/05\/I2B0171-683x1024.jpg\" alt=\"\" class=\"wp-image-2848\" srcset=\"https:\/\/www.labellemontoise.com\/wp-content\/uploads\/2016\/05\/I2B0171-683x1024.jpg 683w, https:\/\/www.labellemontoise.com\/wp-content\/uploads\/2016\/05\/I2B0171-200x300.jpg 200w, https:\/\/www.labellemontoise.com\/wp-content\/uploads\/2016\/05\/I2B0171-768x1152.jpg 768w\" sizes=\"auto, (max-width: 683px) 100vw, 683px\" \/><\/figure>\n\n\n\n<hr class=\"wp-block-separator has-alpha-channel-opacity\"\/>\n\n\n\n<p>Sa carri\u00e8re lui a permis de progresser et de finir son parcours h\u00f4telier au poste de sous directeur dans un h\u00f4tel 5 \u00e9toiles de la C\u00f4te<br>d\u2019Azur avant de venir s\u2019installer \u00e0 Beaumont De Lomagne.<\/p>\n\n\n\n<p>Il vous accueille dans un cadre contemporain, id\u00e9al pour des d\u00e9jeuners de travail ou des r\u00e9unions de famille.<\/p>\n\n\n\n<div class=\"wp-block-group is-content-justification-center is-nowrap is-layout-flex wp-container-core-group-is-layout-94bc23d7 wp-block-group-is-layout-flex\">\n<figure class=\"wp-block-image size-full\"><img loading=\"lazy\" decoding=\"async\" width=\"427\" height=\"640\" src=\"https:\/\/www.labellemontoise.com\/wp-content\/uploads\/2016\/05\/B3A7861.jpeg\" alt=\"\" class=\"wp-image-2849\" style=\"object-fit:cover\" srcset=\"https:\/\/www.labellemontoise.com\/wp-content\/uploads\/2016\/05\/B3A7861.jpeg 427w, https:\/\/www.labellemontoise.com\/wp-content\/uploads\/2016\/05\/B3A7861-200x300.jpeg 200w\" sizes=\"auto, (max-width: 427px) 100vw, 427px\" \/><\/figure>\n<\/div>\n\n\n\n<hr class=\"wp-block-separator has-alpha-channel-opacity\"\/>\n","protected":false},"excerpt":{"rendered":"<p>Une exp\u00e9rience cultiv\u00e9e par le go\u00fbt del\u2019excellence Christophe Broutin, heureux concepteur et propri\u00e9taire, a eu une exp\u00e9rience de chef de cuisine dans de nombreux h\u00f4tels prestigieuxinternationaux, pendant pr\u00e8s de 30 ann\u00e9es, il a commenc\u00e9 son apprentissage dans la fameuse \u00e9cole de Ferrandi \u00e0 Paris, on peutnoter parmi ces \u00e9tablissements Hilton, Pullman, M\u00e9ridien, Sofitel, M\u00e9tropole Bruxelles, [&hellip;]<\/p>\n","protected":false},"author":1,"featured_media":0,"parent":0,"menu_order":0,"comment_status":"closed","ping_status":"closed","template":"","meta":{"footnotes":""},"class_list":["post-1873","page","type-page","status-publish","hentry"],"_links":{"self":[{"href":"https:\/\/www.labellemontoise.com\/index.php\/wp-json\/wp\/v2\/pages\/1873","targetHints":{"allow":["GET"]}}],"collection":[{"href":"https:\/\/www.labellemontoise.com\/index.php\/wp-json\/wp\/v2\/pages"}],"about":[{"href":"https:\/\/www.labellemontoise.com\/index.php\/wp-json\/wp\/v2\/types\/page"}],"author":[{"embeddable":true,"href":"https:\/\/www.labellemontoise.com\/index.php\/wp-json\/wp\/v2\/users\/1"}],"replies":[{"embeddable":true,"href":"https:\/\/www.labellemontoise.com\/index.php\/wp-json\/wp\/v2\/comments?post=1873"}],"version-history":[{"count":31,"href":"https:\/\/www.labellemontoise.com\/index.php\/wp-json\/wp\/v2\/pages\/1873\/revisions"}],"predecessor-version":[{"id":3040,"href":"https:\/\/www.labellemontoise.com\/index.php\/wp-json\/wp\/v2\/pages\/1873\/revisions\/3040"}],"wp:attachment":[{"href":"https:\/\/www.labellemontoise.com\/index.php\/wp-json\/wp\/v2\/media?parent=1873"}],"curies":[{"name":"wp","href":"https:\/\/api.w.org\/{rel}","templated":true}]}}