{"id":1760,"date":"2016-05-12T14:18:00","date_gmt":"2016-05-12T13:18:00","guid":{"rendered":"http:\/\/www.labellemontoise.com\/?page_id=1760"},"modified":"2025-09-04T21:43:17","modified_gmt":"2025-09-04T20:43:17","slug":"les-cartes-cadeaux","status":"publish","type":"page","link":"https:\/\/www.labellemontoise.com\/index.php\/les-cartes-cadeaux\/","title":{"rendered":"LES CARTES CADEAUX"},"content":{"rendered":"\n<figure class=\"wp-block-image size-full\"><img loading=\"lazy\" decoding=\"async\" width=\"886\" height=\"422\" src=\"https:\/\/www.labellemontoise.com\/wp-content\/uploads\/2016\/05\/carte-cadeau.jpg\" alt=\"\" class=\"wp-image-2839\" srcset=\"https:\/\/www.labellemontoise.com\/wp-content\/uploads\/2016\/05\/carte-cadeau.jpg 886w, https:\/\/www.labellemontoise.com\/wp-content\/uploads\/2016\/05\/carte-cadeau-300x143.jpg 300w, https:\/\/www.labellemontoise.com\/wp-content\/uploads\/2016\/05\/carte-cadeau-768x366.jpg 768w\" sizes=\"auto, (max-width: 886px) 100vw, 886px\" \/><\/figure>\n\n\n\n<h2 class=\"wp-block-heading has-text-align-center\">Les cartes cadeaux<\/h2>\n\n\n\n<hr class=\"wp-block-separator has-alpha-channel-opacity\"\/>\n\n\n\n<p>La Belle Montoise, Restaurant Bu!et &amp; Saveurs, vous propose des cartes cadeaux pour offrir \u00e0 vos proches.<\/p>\n\n\n\n<p>Pour un anniversaire, un cadeaux de No\u00ebl, un d\u00e9part \u00e0 la retraite, les id\u00e9es ne manquent pas lorsque l\u2019on veut faire plaisir.<\/p>\n\n\n\n<p>N\u2019h\u00e9sitez plus, et o!rez un moment gourmand, la garantie du plaisir partag\u00e9.<\/p>\n\n\n\n<figure class=\"wp-block-image size-large\"><img loading=\"lazy\" decoding=\"async\" width=\"1024\" height=\"768\" src=\"https:\/\/www.labellemontoise.com\/wp-content\/uploads\/2020\/05\/20210603_114130-1024x768.jpg\" alt=\"\" class=\"wp-image-2605\" srcset=\"https:\/\/www.labellemontoise.com\/wp-content\/uploads\/2020\/05\/20210603_114130-1024x768.jpg 1024w, https:\/\/www.labellemontoise.com\/wp-content\/uploads\/2020\/05\/20210603_114130-300x225.jpg 300w, https:\/\/www.labellemontoise.com\/wp-content\/uploads\/2020\/05\/20210603_114130-768x576.jpg 768w\" sizes=\"auto, (max-width: 1024px) 100vw, 1024px\" \/><\/figure>\n\n\n\n<p>Des cartes cadeaux <strong>\u00e0 partir de 46\u20ac<\/strong> pour deux personnes, sur la base d\u2019un repas en buffet hors boisson, mais les formules ne manquent pas et, nous serons nous adapter \u00e0 vos envies.<\/p>\n\n\n\n<p><\/p>\n","protected":false},"excerpt":{"rendered":"<p>Les cartes cadeaux La Belle Montoise, Restaurant Bu!et &amp; Saveurs, vous propose des cartes cadeaux pour offrir \u00e0 vos proches. Pour un anniversaire, un cadeaux de No\u00ebl, un d\u00e9part \u00e0 la retraite, les id\u00e9es ne manquent pas lorsque l\u2019on veut faire plaisir. N\u2019h\u00e9sitez plus, et o!rez un moment gourmand, la garantie du plaisir partag\u00e9. Des [&hellip;]<\/p>\n","protected":false},"author":1,"featured_media":0,"parent":0,"menu_order":0,"comment_status":"closed","ping_status":"closed","template":"100-width.php","meta":{"footnotes":""},"class_list":["post-1760","page","type-page","status-publish","hentry"],"_links":{"self":[{"href":"https:\/\/www.labellemontoise.com\/index.php\/wp-json\/wp\/v2\/pages\/1760","targetHints":{"allow":["GET"]}}],"collection":[{"href":"https:\/\/www.labellemontoise.com\/index.php\/wp-json\/wp\/v2\/pages"}],"about":[{"href":"https:\/\/www.labellemontoise.com\/index.php\/wp-json\/wp\/v2\/types\/page"}],"author":[{"embeddable":true,"href":"https:\/\/www.labellemontoise.com\/index.php\/wp-json\/wp\/v2\/users\/1"}],"replies":[{"embeddable":true,"href":"https:\/\/www.labellemontoise.com\/index.php\/wp-json\/wp\/v2\/comments?post=1760"}],"version-history":[{"count":14,"href":"https:\/\/www.labellemontoise.com\/index.php\/wp-json\/wp\/v2\/pages\/1760\/revisions"}],"predecessor-version":[{"id":3050,"href":"https:\/\/www.labellemontoise.com\/index.php\/wp-json\/wp\/v2\/pages\/1760\/revisions\/3050"}],"wp:attachment":[{"href":"https:\/\/www.labellemontoise.com\/index.php\/wp-json\/wp\/v2\/media?parent=1760"}],"curies":[{"name":"wp","href":"https:\/\/api.w.org\/{rel}","templated":true}]}}